{"id":26,"date":"2021-05-12T15:31:45","date_gmt":"2021-05-12T18:31:45","guid":{"rendered":"http:\/\/iterdigital.com.br\/umanizza\/?page_id=26"},"modified":"2021-06-21T14:14:13","modified_gmt":"2021-06-21T17:14:13","slug":"nossa-equipe","status":"publish","type":"page","link":"https:\/\/iterdigital.com.br\/umanizza\/nossa-equipe\/","title":{"rendered":"Nossa Equipe"},"content":{"rendered":"<div id=\"wppb-builder-container\" class=\"wppb-builder-container\">                <div  class=\"wppb-row-parent  wppb-row-1624473306037 \"  >\n\t\t\t\t\t\n\t\t\t\t\t\t\t\t\t\t\n\t\t\t\t\t\t\t\t\t\t\n\t\t\t\t\t<div class=\"wppb-container \">\n\t\t\t\t\t\t\t\t\t\t\t\t\t\n                        <div class=\"wppb-row\">\n\t\t\t\t\t\t\t                                    <div  class=\"wppb-column-parent wppb-column-parent-view wppb-col-1624473306038  \"  >\n                                        <div class=\"wppb-column\">\n\t\t\t\t\t\n\t\t\t\t\t\t\t\t\t\t\t\n                                            <div class=\"wppb-builder-addons\">\n\t\t\t\t\t\t\t\t\t\t\t\t<div class='wppb-builder-addon wppb-addon-1624473306039'  data-addon-id='1624473306039'><div class='wppb-addon'><div class=\"wppb-headline-addon\"><div class=\"wppb-headline-content\"><h1 class=\"wppb-addon-title\">Nossa Equipe<\/h1><\/div><\/div><\/div><\/div>                                            <\/div>\n                                        <\/div>\n                                    <\/div>\n\t\t\t\t\t\t\t\t\t                        <\/div>\n\n                    <\/div>\n                <\/div>\n\t\t\t\t                <div  class=\"wppb-row-parent  wppb-row-1624473306040 \"  >\n\t\t\t\t\t\n\t\t\t\t\t\t\t\t\t\t\n\t\t\t\t\t\t\t\t\t\t\n\t\t\t\t\t<div class=\"wppb-container \">\n\t\t\t\t\t\t\t\t\t\t\t\t\t\n                        <div class=\"wppb-row\">\n\t\t\t\t\t\t\t                                    <div  class=\"wppb-column-parent wppb-column-parent-view wppb-col-1624473306041  \"  >\n                                        <div class=\"wppb-column\">\n\t\t\t\t\t\n\t\t\t\t\t\t\t\t\t\t\t\n                                            <div class=\"wppb-builder-addons\">\n\t\t\t\t\t\t\t\t\t\t\t\t<div class='wppb-builder-addon wppb-addon-1624473306042'  data-addon-id='1624473306042'><div class='wppb-addon'><div class=\"wppb-image-addon\"><figure class=\"wppb-image-addon-content-wrap\"><div class=\"wppb-image-addon-content wppb-imginlineblock\"><img decoding=\"async\" class=\"wppb-image-addon-img\" src=\"http:\/\/iterdigital.com.br\/umanizza\/wp-content\/uploads\/2021\/06\/medicos.jpg\" alt=\"Image\"><\/div><\/figure><\/div><\/div><\/div>                                            <\/div>\n                                        <\/div>\n                                    <\/div>\n\t\t\t\t\t\t\t\t\t                                    <div  class=\"wppb-column-parent wppb-column-parent-view wppb-col-1624473306043  \"  >\n                                        <div class=\"wppb-column\">\n\t\t\t\t\t\n\t\t\t\t\t\t\t\t\t\t\t\n                                            <div class=\"wppb-builder-addons\">\n\t\t\t\t\t\t\t\t\t\t\t\t<div class='wppb-builder-addon wppb-addon-1624473306044'  data-addon-id='1624473306044'><div class='wppb-addon'><div class=\"wppb-text-block-addon\"><div class=\"wppb-text-block-content 0\"><p><span style=\"color: #000000\">O acompanhamento dos pacientes, durante o tempo de perman\u00eancia na Umanizza, \u00e9 realizado por uma equipe multiprofissional especializada na transi\u00e7\u00e3o do cuidado. Profissionais comprometidos com a excel\u00eancia assistencial, pautada no cuidado integral, personalizado e respeitoso.<\/span><\/p><p><span style=\"color: #000000\">M\u00e9dicos;<\/span><br \/><span style=\"color: #000000\">Enfermagem;<\/span><br \/><span style=\"color: #000000\">Fisioterapia;<\/span><br \/><span style=\"color: #000000\">Fonoaudiologia;<\/span><br \/><span style=\"color: #000000\">Terapia Ocupacional;<\/span><br \/><span style=\"color: #000000\">Nutri\u00e7\u00e3o;<\/span><br \/><span style=\"color: #000000\">Psicologia;<\/span><br \/><span style=\"color: #000000\">Servi\u00e7o Social.<\/span><\/p><\/div><\/div><\/div><\/div>                                            <\/div>\n                                        <\/div>\n                                    <\/div>\n\t\t\t\t\t\t\t\t\t                        <\/div>\n\n                    <\/div>\n                <\/div>\n\t\t\t\t                <div  class=\"wppb-row-parent  wppb-row-1624473306045 \"  >\n\t\t\t\t\t\n\t\t\t\t\t\t\t\t\t\t\n\t\t\t\t\t\t\t\t\t\t\n\t\t\t\t\t<div class=\"wppb-container wppb-container-full wppb-contaner-no-gutter\">\n\t\t\t\t\t\t\t\t\t\t\t\t\t\n                        <div class=\"wppb-row\">\n\t\t\t\t\t\t\t                                    <div  class=\"wppb-column-parent wppb-column-parent-view wppb-col-1624473306046  \"  >\n                                        <div class=\"wppb-column\">\n\t\t\t\t\t\n\t\t\t\t\t\t\t\t\t\t\t\n                                            <div class=\"wppb-builder-addons\">\n\t\t\t\t\t\t\t\t\t\t\t\t<div class='wppb-builder-addon wppb-addon-1624473306047 wppb-wow fadeInUp'  data-wow-delay='ms'  data-wow-duration='ms'  data-addon-id='1624473306047'><div class='wppb-addon'><div class=\"wppb-image-addon\"><figure class=\"wppb-image-addon-content-wrap\"><div class=\"wppb-image-addon-content wppb-imginlineblock\"><img decoding=\"async\" class=\"wppb-image-addon-img\" src=\"http:\/\/iterdigital.com.br\/umanizza\/wp-content\/uploads\/2021\/06\/medico2.jpg\" alt=\"Image\"><\/div><\/figure><\/div><\/div><\/div>                                            <\/div>\n                                        <\/div>\n                                    <\/div>\n\t\t\t\t\t\t\t\t\t                        <\/div>\n\n                    <\/div>\n                <\/div>\n\t\t\t\t<\/div>","protected":false},"excerpt":{"rendered":"<p>Nossa Equipe O acompanhamento dos pacientes, durante o tempo de perman\u00eancia na Umanizza, \u00e9 realizado por uma equipe multiprofissional especializada na transi\u00e7\u00e3o do cuidado. Profissionais comprometidos com a excel\u00eancia assistencial, pautada no cuidado integral, personalizado e respeitoso.M\u00e9dicos;Enfermagem;Fisioterapia;Fonoaudiologia;Terapia Ocupacional;Nutri\u00e7\u00e3o;Psicologia;Servi\u00e7o Social.<\/p>\n","protected":false},"author":1,"featured_media":0,"parent":0,"menu_order":0,"comment_status":"closed","ping_status":"closed","template":"wppb_theme_template","meta":{"neve_meta_sidebar":"","neve_meta_container":"","neve_meta_enable_content_width":"","neve_meta_content_width":0,"neve_meta_title_alignment":"","neve_meta_author_avatar":"","neve_post_elements_order":"","neve_meta_disable_header":"","neve_meta_disable_footer":"","neve_meta_disable_title":"","footnotes":""},"class_list":["post-26","page","type-page","status-publish","hentry"],"_links":{"self":[{"href":"https:\/\/iterdigital.com.br\/umanizza\/wp-json\/wp\/v2\/pages\/26","targetHints":{"allow":["GET"]}}],"collection":[{"href":"https:\/\/iterdigital.com.br\/umanizza\/wp-json\/wp\/v2\/pages"}],"about":[{"href":"https:\/\/iterdigital.com.br\/umanizza\/wp-json\/wp\/v2\/types\/page"}],"author":[{"embeddable":true,"href":"https:\/\/iterdigital.com.br\/umanizza\/wp-json\/wp\/v2\/users\/1"}],"replies":[{"embeddable":true,"href":"https:\/\/iterdigital.com.br\/umanizza\/wp-json\/wp\/v2\/comments?post=26"}],"version-history":[{"count":1,"href":"https:\/\/iterdigital.com.br\/umanizza\/wp-json\/wp\/v2\/pages\/26\/revisions"}],"predecessor-version":[{"id":27,"href":"https:\/\/iterdigital.com.br\/umanizza\/wp-json\/wp\/v2\/pages\/26\/revisions\/27"}],"wp:attachment":[{"href":"https:\/\/iterdigital.com.br\/umanizza\/wp-json\/wp\/v2\/media?parent=26"}],"curies":[{"name":"wp","href":"https:\/\/api.w.org\/{rel}","templated":true}]}}