{"id":16,"date":"2021-05-12T15:28:30","date_gmt":"2021-05-12T18:28:30","guid":{"rendered":"http:\/\/iterdigital.com.br\/umanizza\/?page_id=16"},"modified":"2021-05-20T17:32:30","modified_gmt":"2021-05-20T20:32:30","slug":"quem-somos","status":"publish","type":"page","link":"https:\/\/iterdigital.com.br\/umanizza\/quem-somos\/","title":{"rendered":"Quem Somos"},"content":{"rendered":"<div id=\"wppb-builder-container\" class=\"wppb-builder-container\">                <div  class=\"wppb-row-parent  wppb-row-1624044746754 \"  >\n\t\t\t\t\t\n\t\t\t\t\t\t\t\t\t\t\n\t\t\t\t\t\t\t\t\t\t\n\t\t\t\t\t<div class=\"wppb-container \">\n\t\t\t\t\t\t\t\t\t\t\t\t\t\n                        <div class=\"wppb-row\">\n\t\t\t\t\t\t\t                                    <div  class=\"wppb-column-parent wppb-column-parent-view wppb-col-1624044746753  \"  >\n                                        <div class=\"wppb-column\">\n\t\t\t\t\t\n\t\t\t\t\t\t\t\t\t\t\t\n                                            <div class=\"wppb-builder-addons\">\n\t\t\t\t\t\t\t\t\t\t\t\t<div class='wppb-builder-addon wppb-addon-1624048334658'  data-addon-id='1624048334658'><div class='wppb-addon'><div class=\"wppb-headline-addon\"><div class=\"wppb-headline-content\"><h1 class=\"wppb-addon-title\">Quem Somos<\/h1><\/div><\/div><\/div><\/div>                                            <\/div>\n                                        <\/div>\n                                    <\/div>\n\t\t\t\t\t\t\t\t\t                        <\/div>\n\n                    <\/div>\n                <\/div>\n\t\t\t\t                <div  class=\"wppb-row-parent  wppb-row-1621542671938 \"  >\n\t\t\t\t\t\n\t\t\t\t\t\t\t\t\t\t\n\t\t\t\t\t\t\t\t\t\t\n\t\t\t\t\t<div class=\"wppb-container \">\n\t\t\t\t\t\t\t\t\t\t\t\t\t\n                        <div class=\"wppb-row\">\n\t\t\t\t\t\t\t                                    <div  class=\"wppb-column-parent wppb-column-parent-view wppb-col-1621542671937  \"  >\n                                        <div class=\"wppb-column\">\n\t\t\t\t\t\n\t\t\t\t\t\t\t\t\t\t\t\n                                            <div class=\"wppb-builder-addons\">\n\t\t\t\t\t\t\t\t\t\t\t\t<div class='wppb-builder-addon wppb-addon-1624045554792'  data-addon-id='1624045554792'><div class='wppb-addon'><div class=\"wppb-image-addon\"><figure class=\"wppb-image-addon-content-wrap\"><div class=\"wppb-image-addon-content wppb-imginlineblock\"><img decoding=\"async\" class=\"wppb-image-addon-img\" src=\"http:\/\/iterdigital.com.br\/umanizza\/wp-content\/uploads\/2021\/06\/quem-somos-2.jpg\" alt=\"Image\"><\/div><\/figure><\/div><\/div><\/div>                                            <\/div>\n                                        <\/div>\n                                    <\/div>\n\t\t\t\t\t\t\t\t\t                                    <div  class=\"wppb-column-parent wppb-column-parent-view wppb-col-1624044746739  \"  >\n                                        <div class=\"wppb-column\">\n\t\t\t\t\t\n\t\t\t\t\t\t\t\t\t\t\t\n                                            <div class=\"wppb-builder-addons\">\n\t\t\t\t\t\t\t\t\t\t\t\t<div class='wppb-builder-addon wppb-addon-1624044746740'  data-addon-id='1624044746740'><div class='wppb-addon'><div class=\"wppb-text-block-addon\"><div class=\"wppb-text-block-content 0\"><h6><span style=\"color: #000000\">A Umanizza \u00e9 composta por uma equipe multiprofissional preparada para atender voc\u00ea e sua fam\u00edlia nos processos de reabilita\u00e7\u00e3o, cuidados permanentes e paliativos. <\/span><\/h6><h6 class=\"western\"><span style=\"color: #000000\">N\u00f3s entendemos que em momentos de fragilidade, nossos pacientes e familiares merecem todo o carinho, cuidado e aten\u00e7\u00e3o. <\/span><\/h6><h6 class=\"western\"><span style=\"color: #000000\">Por isso, nos preparamos para receb\u00ea-los de forma acolhedora e transparente. <\/span><\/h6><h6 class=\"western\" align=\"justify\"><span style=\"color: #000000\">Para n\u00f3s, a recupera\u00e7\u00e3o exige excel\u00eancia profissional e respeito \u00e0s individualidades, sempre ao lado das pessoas que ama.<\/span><\/h6><\/div><\/div><\/div><\/div>                                            <\/div>\n                                        <\/div>\n                                    <\/div>\n\t\t\t\t\t\t\t\t\t                        <\/div>\n\n                    <\/div>\n                <\/div>\n\t\t\t\t                <div  class=\"wppb-row-parent  wppb-row-1624275886354 \"  >\n\t\t\t\t\t\n\t\t\t\t\t\t\t\t\t\t\n\t\t\t\t\t\t\t\t\t\t\n\t\t\t\t\t<div class=\"wppb-container wppb-container-full wppb-contaner-no-gutter\">\n\t\t\t\t\t\t\t\t\t\t\t\t\t\n                        <div class=\"wppb-row\">\n\t\t\t\t\t\t\t                                    <div  class=\"wppb-column-parent wppb-column-parent-view wppb-col-1624275886353  \"  >\n                                        <div class=\"wppb-column\">\n\t\t\t\t\t\n\t\t\t\t\t\t\t\t\t\t\t\n                                            <div class=\"wppb-builder-addons\">\n\t\t\t\t\t\t\t\t\t\t\t\t<div class='wppb-builder-addon wppb-addon-1624275912118 wppb-wow fadeInUp'  data-wow-delay='ms'  data-wow-duration='ms'  data-addon-id='1624275912118'><div class='wppb-addon'><div class=\"wppb-image-addon\"><figure class=\"wppb-image-addon-content-wrap\"><div class=\"wppb-image-addon-content wppb-imginlineblock\"><img decoding=\"async\" class=\"wppb-image-addon-img\" src=\"http:\/\/iterdigital.com.br\/umanizza\/wp-content\/uploads\/2021\/06\/medico-paciente9.jpg\" alt=\"Image\"><\/div><\/figure><\/div><\/div><\/div>                                            <\/div>\n                                        <\/div>\n                                    <\/div>\n\t\t\t\t\t\t\t\t\t                        <\/div>\n\n                    <\/div>\n                <\/div>\n\t\t\t\t<\/div>","protected":false},"excerpt":{"rendered":"<p>Quem Somos A Umanizza \u00e9 composta por uma equipe multiprofissional preparada para atender voc\u00ea e sua fam\u00edlia nos processos de reabilita\u00e7\u00e3o, cuidados permanentes e paliativos. N\u00f3s entendemos que em momentos de fragilidade, nossos pacientes e familiares merecem todo o carinho, cuidado e aten\u00e7\u00e3o. Por isso, nos preparamos para receb\u00ea-los de forma acolhedora e transparente. Para&hellip;&nbsp;<a href=\"https:\/\/iterdigital.com.br\/umanizza\/quem-somos\/\" class=\"\" rel=\"bookmark\">Continue a ler &raquo;<span class=\"screen-reader-text\">Quem Somos<\/span><\/a><\/p>\n","protected":false},"author":1,"featured_media":0,"parent":0,"menu_order":0,"comment_status":"closed","ping_status":"closed","template":"wppb_theme_template","meta":{"neve_meta_sidebar":"","neve_meta_container":"","neve_meta_enable_content_width":"","neve_meta_content_width":0,"neve_meta_title_alignment":"","neve_meta_author_avatar":"","neve_post_elements_order":"","neve_meta_disable_header":"","neve_meta_disable_footer":"","neve_meta_disable_title":"","footnotes":""},"class_list":["post-16","page","type-page","status-publish","hentry"],"_links":{"self":[{"href":"https:\/\/iterdigital.com.br\/umanizza\/wp-json\/wp\/v2\/pages\/16","targetHints":{"allow":["GET"]}}],"collection":[{"href":"https:\/\/iterdigital.com.br\/umanizza\/wp-json\/wp\/v2\/pages"}],"about":[{"href":"https:\/\/iterdigital.com.br\/umanizza\/wp-json\/wp\/v2\/types\/page"}],"author":[{"embeddable":true,"href":"https:\/\/iterdigital.com.br\/umanizza\/wp-json\/wp\/v2\/users\/1"}],"replies":[{"embeddable":true,"href":"https:\/\/iterdigital.com.br\/umanizza\/wp-json\/wp\/v2\/comments?post=16"}],"version-history":[{"count":1,"href":"https:\/\/iterdigital.com.br\/umanizza\/wp-json\/wp\/v2\/pages\/16\/revisions"}],"predecessor-version":[{"id":17,"href":"https:\/\/iterdigital.com.br\/umanizza\/wp-json\/wp\/v2\/pages\/16\/revisions\/17"}],"wp:attachment":[{"href":"https:\/\/iterdigital.com.br\/umanizza\/wp-json\/wp\/v2\/media?parent=16"}],"curies":[{"name":"wp","href":"https:\/\/api.w.org\/{rel}","templated":true}]}}