{"id":14,"date":"2021-05-12T15:28:06","date_gmt":"2021-05-12T18:28:06","guid":{"rendered":"http:\/\/iterdigital.com.br\/umanizza\/?page_id=14"},"modified":"2021-05-20T17:34:05","modified_gmt":"2021-05-20T20:34:05","slug":"inicial","status":"publish","type":"page","link":"https:\/\/iterdigital.com.br\/umanizza\/","title":{"rendered":"Inicial"},"content":{"rendered":"<div id=\"wppb-builder-container\" class=\"wppb-builder-container\">                <div  class=\"wppb-row-parent  wppb-row-1624042653594 \"  >\n\t\t\t\t\t\n\t\t\t\t\t\t\t\t\t\t\n\t\t\t\t\t\t\t\t\t\t\n\t\t\t\t\t<div class=\"wppb-container wppb-container-full\">\n\t\t\t\t\t\t\t\t\t\t\t\t\t\n                        <div class=\"wppb-row\">\n\t\t\t\t\t\t\t                                    <div  class=\"wppb-column-parent wppb-column-parent-view wppb-col-1624042653593  \"  >\n                                        <div class=\"wppb-column\">\n\t\t\t\t\t\n\t\t\t\t\t\t\t\t\t\t\t\n                                            <div class=\"wppb-builder-addons\">\n\t\t\t\t\t\t\t\t\t\t\t\t<div class='wppb-builder-addon wppb-widget-1624042779443 wppb-addon-1624042779443'  data-addon-id='1624042779443'><div class='wppb-widget'><div class=\"owl-carousel owl-theme bc_random_banner_slider-412279\"><div class=\"bc_random_banner\" data-id=\"2\" data-url=\"https:\/\/iterdigital.com.br\/umanizza\/wp-admin\/admin-ajax.php?action=bc_rb_ads_click&nonce=69f21ba54d\"><a  href=\"http:\/\/iterdigital.com.br\/umanizza\/como-funciona\/\" title=\"senhora-fisioterapia-umanizza\"><img decoding=\"async\" style=width:1920px; height:500px  src=\"http:\/\/iterdigital.com.br\/umanizza\/wp-content\/uploads\/2021\/06\/senhora-fisioterapia-umanizza.png?v=412279\" title=\"senhora-fisioterapia-umanizza\"\/><\/a><\/div><div class=\"bc_random_banner\" data-id=\"1\" data-url=\"https:\/\/iterdigital.com.br\/umanizza\/wp-admin\/admin-ajax.php?action=bc_rb_ads_click&nonce=69f21ba54d\"><a  href=\"http:\/\/iterdigital.com.br\/umanizza\/nossos-servicos\/\" title=\"senhora-terapia-ocupacao-umanizza\"><img decoding=\"async\" style=width:1920px; height:500px  src=\"http:\/\/iterdigital.com.br\/umanizza\/wp-content\/uploads\/2021\/06\/senhora-terapia-ocupacao-umanizza.png?v=412279\" title=\"senhora-terapia-ocupacao-umanizza\"\/><\/a><\/div><div class=\"bc_random_banner\" data-id=\"3\" data-url=\"https:\/\/iterdigital.com.br\/umanizza\/wp-admin\/admin-ajax.php?action=bc_rb_ads_click&nonce=69f21ba54d\"><a  href=\"http:\/\/iterdigital.com.br\/umanizza\/quem-precisa\/\" title=\"enfermeira-senhor-umanizza\"><img decoding=\"async\" style=width:1920px; height:500px  src=\"http:\/\/iterdigital.com.br\/umanizza\/wp-content\/uploads\/2021\/06\/enfermeira-senhor-umanizza.png?v=412279\" title=\"enfermeira-senhor-umanizza\"\/><\/a><\/div><div class=\"bc_random_banner\" data-id=\"4\" data-url=\"https:\/\/iterdigital.com.br\/umanizza\/wp-admin\/admin-ajax.php?action=bc_rb_ads_click&nonce=69f21ba54d\"><a  href=\"http:\/\/iterdigital.com.br\/umanizza\/quem-somos\/\" title=\"cuidados-recuperam-vida-umanizza\"><img decoding=\"async\" style=width:1920px; height:500px  src=\"http:\/\/iterdigital.com.br\/umanizza\/wp-content\/uploads\/2021\/06\/cuidados-recuperam-vida-umanizza.png?v=412279\" title=\"cuidados-recuperam-vida-umanizza\"\/><\/a><\/div><\/div><script> jQuery(function($) { $(\".bc_random_banner_slider-412279\").owlCarousel(\n      {\n      items: 1,\n      dots: true,\n      autoplay: \"true\",\n      autoplayTimeout:  3000,\n      loop:  true,\n      center: true,\n      autoHeight: true,\n      autoHeightClass: \"owl-height\"\n       }\n      ) }); <\/script><\/div><\/div>                                            <\/div>\n                                        <\/div>\n                                    <\/div>\n\t\t\t\t\t\t\t\t\t                        <\/div>\n\n                    <\/div>\n                <\/div>\n\t\t\t\t                <div  class=\"wppb-row-parent  wppb-row-1621544203506 \"  >\n\t\t\t\t\t\n\t\t\t\t\t\t\t\t\t\t\n\t\t\t\t\t\t\t\t\t\t\n\t\t\t\t\t<div class=\"wppb-container \">\n\t\t\t\t\t\t\t\t\t\t\t\t\t\n                        <div class=\"wppb-row\">\n\t\t\t\t\t\t\t                                    <div  class=\"wppb-column-parent wppb-column-parent-view wppb-col-1621544203504  \"  >\n                                        <div class=\"wppb-column\">\n\t\t\t\t\t\n\t\t\t\t\t\t\t\t\t\t\t\n                                            <div class=\"wppb-builder-addons\">\n\t\t\t\t\t\t\t\t\t\t\t\t<div class='wppb-builder-addon wppb-addon-1621544349917'  data-addon-id='1621544349917'><div class='wppb-addon'><div class=\"wppb-headline-addon\"><div class=\"wppb-headline-content\"><h2 class=\"wppb-addon-title\">Carinho Recupera Vida<\/h2><\/div><\/div><\/div><\/div><div class='wppb-builder-addon wppb-addon-1621544442105'  data-addon-id='1621544442105'><div class='wppb-addon'><div class=\"wppb-headline-addon\"><div class=\"wppb-headline-content\"><h3 class=\"wppb-addon-title\">O tempo, o cuidado e o carinho que voc\u00ea merece!<\/h3><\/div><\/div><\/div><\/div><div class='wppb-builder-addon wppb-addon-1621544592575'  data-addon-id='1621544592575'><div class='wppb-addon'><div class=\"wppb-blocknumber-addon\"><div class=\"wppb-blocknumber-addon-content\"><div class=\"wppb-blocknumber-media\"><div class=\"wppb-blocknumber-number\"><span>1<\/span><\/div><div class=\"wppb-blocknumber-body\"><h5 class=\"wppb-blocknumber-title\">Su\u00edtes individuais equipadas<\/h5><\/div><\/div><\/div><\/div><\/div><\/div><div class='wppb-builder-addon wppb-addon-1621544203721'  data-addon-id='1621544203721'><div class='wppb-addon'><div class=\"wppb-blocknumber-addon\"><div class=\"wppb-blocknumber-addon-content\"><div class=\"wppb-blocknumber-media\"><div class=\"wppb-blocknumber-number\"><span>2<\/span><\/div><div class=\"wppb-blocknumber-body\"><h5 class=\"wppb-blocknumber-title\">Apartamentos equipados, com dois leitos e banheiro<\/h5><\/div><\/div><\/div><\/div><\/div><\/div><div class='wppb-builder-addon wppb-addon-1621544203732'  data-addon-id='1621544203732'><div class='wppb-addon'><div class=\"wppb-blocknumber-addon\"><div class=\"wppb-blocknumber-addon-content\"><div class=\"wppb-blocknumber-media\"><div class=\"wppb-blocknumber-number\"><span>3<\/span><\/div><div class=\"wppb-blocknumber-body\"><h5 class=\"wppb-blocknumber-title\">Autonomia el\u00e9trica por gerador<\/h5><\/div><\/div><\/div><\/div><\/div><\/div><div class='wppb-builder-addon wppb-addon-1621544203743'  data-addon-id='1621544203743'><div class='wppb-addon'><div class=\"wppb-blocknumber-addon\"><div class=\"wppb-blocknumber-addon-content\"><div class=\"wppb-blocknumber-media\"><div class=\"wppb-blocknumber-number\"><span>4<\/span><\/div><div class=\"wppb-blocknumber-body\"><h5 class=\"wppb-blocknumber-title\">Est\u00fadio de fisioterapia<\/h5><\/div><\/div><\/div><\/div><\/div><\/div><div class='wppb-builder-addon wppb-addon-1621544203754'  data-addon-id='1621544203754'><div class='wppb-addon'><div class=\"wppb-blocknumber-addon\"><div class=\"wppb-blocknumber-addon-content\"><div class=\"wppb-blocknumber-media\"><div class=\"wppb-blocknumber-number\"><span>5<\/span><\/div><div class=\"wppb-blocknumber-body\"><h5 class=\"wppb-blocknumber-title\">Solarium<\/h5><\/div><\/div><\/div><\/div><\/div><\/div><div class='wppb-builder-addon wppb-addon-1621544203765'  data-addon-id='1621544203765'><div class='wppb-addon'><div class=\"wppb-blocknumber-addon\"><div class=\"wppb-blocknumber-addon-content\"><div class=\"wppb-blocknumber-media\"><div class=\"wppb-blocknumber-number\"><span>6<\/span><\/div><div class=\"wppb-blocknumber-body\"><h5 class=\"wppb-blocknumber-title\">\u00c1rea de conviv\u00eancia<\/h5><\/div><\/div><\/div><\/div><\/div><\/div><div class='wppb-builder-addon wppb-addon-1621544203780'  data-addon-id='1621544203780'><div class='wppb-addon'><div class=\"wppb-blocknumber-addon\"><div class=\"wppb-blocknumber-addon-content\"><div class=\"wppb-blocknumber-media\"><div class=\"wppb-blocknumber-number\"><span>7<\/span><\/div><div class=\"wppb-blocknumber-body\"><h5 class=\"wppb-blocknumber-title\">Espa\u00e7o Ecum\u00eanico<\/h5><\/div><\/div><\/div><\/div><\/div><\/div><div class='wppb-builder-addon wppb-addon-1626973610330'  data-addon-id='1626973610330'><div class='wppb-addon'><div class=\"wppb-blocknumber-addon\"><div class=\"wppb-blocknumber-addon-content\"><div class=\"wppb-blocknumber-media\"><div class=\"wppb-blocknumber-number\"><span>8<\/span><\/div><div class=\"wppb-blocknumber-body\"><h5 class=\"wppb-blocknumber-title\">Localiza\u00e7\u00e3o Privilegiada<\/h5><\/div><\/div><\/div><\/div><\/div><\/div><div class='wppb-builder-addon wppb-addon-1621546580137'  data-addon-id='1621546580137'><div class='wppb-addon'><div class=\"wppb-addon wppb-button-addon\"><div class=\"wppb-button-addon-content\"><a  href=\"#\" target=_self class=\"wppb-btn-addons  wppb-btn-primary wppb-btn-square wppb-btn-large wppb-btn-no\">CONHE\u00c7A MAIS <i class=\"fas fa-angle-right\"><\/i><\/a><\/div><\/div><\/div><\/div>                                            <\/div>\n                                        <\/div>\n                                    <\/div>\n\t\t\t\t\t\t\t\t\t                                    <div  class=\"wppb-column-parent wppb-column-parent-view wppb-col-1621544203505  \"  >\n                                        <div class=\"wppb-column\">\n\t\t\t\t\t\n\t\t\t\t\t\t\t\t\t\t\t\n                                            <div class=\"wppb-builder-addons\">\n\t\t\t\t\t\t\t\t\t\t\t\t<div class='wppb-builder-addon wppb-addon-1621544257999 wppb-wow fadeIn'  data-wow-delay='20ms'  data-wow-duration='4774ms'  data-addon-id='1621544257999'><div class='wppb-addon'><div class=\"wppb-image-addon\"><figure class=\"wppb-image-addon-content-wrap\"><div class=\"wppb-image-addon-content wppb-imginline\"><img decoding=\"async\" class=\"wppb-image-addon-img\" src=\"http:\/\/iterdigital.com.br\/umanizza\/wp-content\/uploads\/2021\/06\/medical-umanizza-site.png\" alt=\"Image\"><\/div><\/figure><\/div><\/div><\/div>                                            <\/div>\n                                        <\/div>\n                                    <\/div>\n\t\t\t\t\t\t\t\t\t                        <\/div>\n\n                    <\/div>\n                <\/div>\n\t\t\t\t                <div  class=\"wppb-row-parent  wppb-row-1621544204151 \"  >\n\t\t\t\t\t\n\t\t\t\t\t\t\t\t\t\t\n\t\t\t\t\t\t\t\t\t\t\n\t\t\t\t\t<div class=\"wppb-container wppb-container-full\">\n\t\t\t\t\t\t\t\t\t\t\t\t\t\n                        <div class=\"wppb-row\">\n\t\t\t\t\t\t\t                                    <div  class=\"wppb-column-parent wppb-column-parent-view wppb-col-1621544204149  \"  >\n                                        <div class=\"wppb-column\">\n\t\t\t\t\t\n\t\t\t\t\t\t\t\t\t\t\t\n                                            <div class=\"wppb-builder-addons\">\n\t\t\t\t\t\t\t\t\t\t\t\t<div class='wppb-builder-addon wppb-addon-1621545445718 wppb-wow fadeInLeft'  data-wow-delay='20ms'  data-wow-duration='2006ms'  data-addon-id='1621545445718'><div class='wppb-addon'><div class=\"wppb-image-addon\"><figure class=\"wppb-image-addon-content-wrap\"><div class=\"wppb-image-addon-content wppb-imginlineblock\"><img decoding=\"async\" class=\"wppb-image-addon-img\" src=\"http:\/\/iterdigital.com.br\/umanizza\/wp-content\/uploads\/2021\/05\/medicos-1.png\" alt=\"Image\"><\/div><\/figure><\/div><\/div><\/div>                                            <\/div>\n                                        <\/div>\n                                    <\/div>\n\t\t\t\t\t\t\t\t\t                                    <div  class=\"wppb-column-parent wppb-column-parent-view wppb-col-1621544204150  \"  >\n                                        <div class=\"wppb-column\">\n\t\t\t\t\t\n\t\t\t\t\t\t\t\t\t\t\t\n                                            <div class=\"wppb-builder-addons\">\n\t\t\t\t\t\t\t\t\t\t\t\t<div class='wppb-builder-addon wppb-addon-1621547251755'  data-addon-id='1621547251755'><div class='wppb-addon'><div class=\"wppb-icon-addon\"><div class=\"wppb-icon-content\"><span class=\"wppb-icon-inner\"><i class=\"fas fa-heartbeat\"><\/i><\/span><\/div><\/div><\/div><\/div><div class='wppb-builder-addon wppb-addon-1621546904160'  data-addon-id='1621546904160'><div class='wppb-addon'><div class=\"wppb-headline-addon\"><div class=\"wppb-headline-content\"><h2 class=\"wppb-addon-title\">Equipe Humanizada<\/h2><\/div><\/div><\/div><\/div><div class='wppb-builder-addon wppb-addon-1621547002909'  data-addon-id='1621547002909'><div class='wppb-addon'><div class=\"wppb-headline-addon\"><div class=\"wppb-headline-content\"><h3 class=\"wppb-addon-title\">M\u00e9dicos, Enfermeiros e Equipe T\u00e9cnica<\/h3><\/div><\/div><\/div><\/div><div class='wppb-builder-addon wppb-addon-1621547889577'  data-addon-id='1621547889577'><div class='wppb-addon'><div class=\"wppb-text-block-addon\"><div class=\"wppb-text-block-content 0\"><h5>Para n\u00f3s, a recupera\u00e7\u00e3o exige excel\u00eancia profissional e respeito \u00e0s individualidades, sempre ao lado das pessoas que ama.<\/h5><\/div><\/div><\/div><\/div><div class='wppb-builder-addon wppb-addon-1621544205694'  data-addon-id='1621544205694'><div class='wppb-addon'><div class=\"wppb-addon wppb-button-addon\"><div class=\"wppb-button-addon-content\"><a  href=\"#\" target=_self class=\"wppb-btn-addons  wppb-btn-primary wppb-btn-square wppb-btn-large wppb-btn-no\">SAIBA MAIS <i class=\"fas fa-angle-right\"><\/i><\/a><\/div><\/div><\/div><\/div>                                            <\/div>\n                                        <\/div>\n                                    <\/div>\n\t\t\t\t\t\t\t\t\t                        <\/div>\n\n                    <\/div>\n                <\/div>\n\t\t\t\t                <div  class=\"wppb-row-parent \"  >\n\t\t\t\t\t\n\t\t\t\t\t\t\t\t\t\t\n\t\t\t\t\t\t\t\t\t\t\n\t\t\t\t\t<div class=\"wppb-container  wppb-row-1621544205869  wppb-container-row-default\">\n\t\t\t\t\t\t\t\t\t\t\t\t\t\n                        <div class=\"wppb-row\">\n\t\t\t\t\t\t\t                                    <div  class=\"wppb-column-parent wppb-column-parent-view wppb-col-1621544205870  \"  >\n                                        <div class=\"wppb-column\">\n\t\t\t\t\t\n\t\t\t\t\t\t\t\t\t\t\t\n                                            <div class=\"wppb-builder-addons\">\n\t\t\t\t\t\t\t\t\t\t\t\t<div class='wppb-builder-addon wppb-addon-1621544205871'  data-addon-id='1621544205871'><div class='wppb-addon'><div class=\"wppb-headline-addon\"><div class=\"wppb-headline-content\"><h2 class=\"wppb-addon-title\">Quem Precisa?<\/h2><\/div><\/div><\/div><\/div><div class='wppb-builder-addon wppb-addon-1621544205872'  data-addon-id='1621544205872'><div class='wppb-addon'><div class=\"wppb-headline-addon\"><div class=\"wppb-headline-content\"><h5 class=\"wppb-addon-title\">Pacientes que necessitam de cuidados continuados ap\u00f3s a alta hospitalar, reabilita\u00e7\u00e3o p\u00f3s operat\u00f3ria, por incapacidade tempor\u00e1ria ou definitiva, longa perman\u00eancia ou finitude.<\/h5><\/div><\/div><\/div><\/div>            <div  class=\"wppb-row-parent wppb-inner-row-parent wppb-row-1621544205873 \">\n\t\t\t\n\t\t\t\t\t\t\n\t\t\t\t<div class=\"wppb-container\">\n                    <div class=\"wppb-row\">\n\t\t\t\t\t\t                                <div  class=\"wppb-column-parent wppb-column-parent-view wppb-col-1621544205874  \" >\n                                    <div class=\"wppb-column\">\n                                        <div class=\"wppb-builder-addons\">\n\t\t\t\t\t\t\t\t\t\t\t<div  class='wppb-builder-addon wppb-addon-1621544205875   '   ><div class='wppb-inner_addon'><div class=\"wppb-feature-box-addon\"><div class=\"wppb-feature-box-content\"><div class=\"wppb-feature-box-img\"><img decoding=\"async\" src=\"https:\/\/builder.themeum.com\/wp-content\/uploads\/2018\/07\/content_6_icon_1.png\" alt=\"Esse modelo \u00e9 adequado ao novo perfil epidemiol\u00f3gico da popula\u00e7\u00e3o com aumento da longevidade e doen\u00e7as cr\u00f4nicas degenerativas.\"><\/div><h5 class=\"wppb-feature-box-title\">Esse modelo \u00e9 adequado ao novo perfil epidemiol\u00f3gico da popula\u00e7\u00e3o com aumento da longevidade e doen\u00e7as cr\u00f4nicas degenerativas.<\/h5><\/div><\/div><\/div><\/div>                                        <\/div>\n                                    <\/div>\n                                <\/div>\n\t\t\t\t\t\t\t\t                                <div  class=\"wppb-column-parent wppb-column-parent-view wppb-col-1621544205877  \" >\n                                    <div class=\"wppb-column\">\n                                        <div class=\"wppb-builder-addons\">\n\t\t\t\t\t\t\t\t\t\t\t<div  class='wppb-builder-addon wppb-addon-1621544205876   '   ><div class='wppb-inner_addon'><div class=\"wppb-feature-box-addon\"><div class=\"wppb-feature-box-content\"><div class=\"wppb-feature-box-img\"><img decoding=\"async\" src=\"https:\/\/builder.themeum.com\/wp-content\/uploads\/2018\/07\/content_6_icon_2.png\" alt=\"A recupera\u00e7\u00e3o longe de um hospital geral, proporciona um menor \u00edndice de infec\u00e7\u00e3o aos pacientes, facilitando ganhos funcionais, melhoria na qualidade de vida e retorno precoce ao domic\u00edlio.\"><\/div><h3 class=\"wppb-feature-box-title\">A recupera\u00e7\u00e3o longe de um hospital geral, proporciona um menor \u00edndice de infec\u00e7\u00e3o aos pacientes, facilitando ganhos funcionais, melhoria na qualidade de vida e retorno precoce ao domic\u00edlio.<\/h3><\/div><\/div><\/div><\/div>                                        <\/div>\n                                    <\/div>\n                                <\/div>\n\t\t\t\t\t\t\t\t                    <\/div>\n                <\/div>\n            <\/div>\n\t\t\t                                            <\/div>\n                                        <\/div>\n                                    <\/div>\n\t\t\t\t\t\t\t\t\t                                    <div  class=\"wppb-column-parent wppb-column-parent-view wppb-col-1621544205880  \"  >\n                                        <div class=\"wppb-column\">\n\t\t\t\t\t\n\t\t\t\t\t\t\t\t\t\t\t\n                                            <div class=\"wppb-builder-addons\">\n\t\t\t\t\t\t\t\t\t\t\t\t                                            <\/div>\n                                        <\/div>\n                                    <\/div>\n\t\t\t\t\t\t\t\t\t                        <\/div>\n\n                    <\/div>\n                <\/div>\n\t\t\t\t<\/div>","protected":false},"excerpt":{"rendered":"<p>Carinho Recupera Vida O tempo, o cuidado e o carinho que voc\u00ea merece! 1 Su\u00edtes individuais equipadas 2 Apartamentos equipados, com dois leitos e banheiro 3 Autonomia el\u00e9trica por gerador 4 Est\u00fadio de fisioterapia 5 Solarium 6 \u00c1rea de conviv\u00eancia 7 Espa\u00e7o Ecum\u00eanico 8 Localiza\u00e7\u00e3o Privilegiada CONHE\u00c7A MAIS Equipe Humanizada M\u00e9dicos, Enfermeiros e Equipe T\u00e9cnica&hellip;&nbsp;<a href=\"https:\/\/iterdigital.com.br\/umanizza\/\" class=\"\" rel=\"bookmark\">Continue a ler &raquo;<span class=\"screen-reader-text\">Inicial<\/span><\/a><\/p>\n","protected":false},"author":1,"featured_media":0,"parent":0,"menu_order":0,"comment_status":"closed","ping_status":"closed","template":"page-templates\/template-pagebuilder-full-width.php","meta":{"neve_meta_sidebar":"default","neve_meta_container":"full-width","neve_meta_enable_content_width":"","neve_meta_content_width":0,"neve_meta_title_alignment":"center","neve_meta_author_avatar":"","neve_post_elements_order":"","neve_meta_disable_header":"","neve_meta_disable_footer":"","neve_meta_disable_title":"on","footnotes":""},"class_list":["post-14","page","type-page","status-publish","hentry"],"_links":{"self":[{"href":"https:\/\/iterdigital.com.br\/umanizza\/wp-json\/wp\/v2\/pages\/14","targetHints":{"allow":["GET"]}}],"collection":[{"href":"https:\/\/iterdigital.com.br\/umanizza\/wp-json\/wp\/v2\/pages"}],"about":[{"href":"https:\/\/iterdigital.com.br\/umanizza\/wp-json\/wp\/v2\/types\/page"}],"author":[{"embeddable":true,"href":"https:\/\/iterdigital.com.br\/umanizza\/wp-json\/wp\/v2\/users\/1"}],"replies":[{"embeddable":true,"href":"https:\/\/iterdigital.com.br\/umanizza\/wp-json\/wp\/v2\/comments?post=14"}],"version-history":[{"count":57,"href":"https:\/\/iterdigital.com.br\/umanizza\/wp-json\/wp\/v2\/pages\/14\/revisions"}],"predecessor-version":[{"id":153,"href":"https:\/\/iterdigital.com.br\/umanizza\/wp-json\/wp\/v2\/pages\/14\/revisions\/153"}],"wp:attachment":[{"href":"https:\/\/iterdigital.com.br\/umanizza\/wp-json\/wp\/v2\/media?parent=14"}],"curies":[{"name":"wp","href":"https:\/\/api.w.org\/{rel}","templated":true}]}}